{"id":113,"date":"2024-05-17T09:03:38","date_gmt":"2024-05-17T09:03:38","guid":{"rendered":"https:\/\/heuristic-nobel.85-215-159-120.plesk.page\/?page_id=113"},"modified":"2024-05-17T12:44:56","modified_gmt":"2024-05-17T12:44:56","slug":"impressum","status":"publish","type":"page","link":"https:\/\/heuristic-nobel.85-215-159-120.plesk.page\/?page_id=113","title":{"rendered":"Impressum"},"content":{"rendered":"\t\t<div data-elementor-type=\"wp-page\" data-elementor-id=\"113\" class=\"elementor elementor-113\" data-elementor-post-type=\"page\">\n\t\t\t\t<div class=\"elementor-element elementor-element-0473304 e-con-full e-flex e-con e-parent\" data-id=\"0473304\" data-element_type=\"container\">\n\t\t\t\t<div class=\"elementor-element elementor-element-93f0e7c elementor-widget elementor-widget-image\" data-id=\"93f0e7c\" data-element_type=\"widget\" data-widget_type=\"image.default\">\n\t\t\t\t<div class=\"elementor-widget-container\">\n\t\t\t<style>\/*! elementor - v3.21.0 - 08-05-2024 *\/\n.elementor-widget-image{text-align:center}.elementor-widget-image a{display:inline-block}.elementor-widget-image a img[src$=\".svg\"]{width:48px}.elementor-widget-image img{vertical-align:middle;display:inline-block}<\/style>\t\t\t\t\t\t\t\t\t\t<img decoding=\"async\" src=\"https:\/\/heuristic-nobel.85-215-159-120.plesk.page\/wp-content\/uploads\/elementor\/thumbs\/logo_komplett-qoaf1hnaszdv4hgkqgi7ml5mrgc0tws2bhiyhrdclc.png\" title=\"logo_komplett\" alt=\"logo_komplett\" loading=\"lazy\" \/>\t\t\t\t\t\t\t\t\t\t\t\t\t<\/div>\n\t\t\t\t<\/div>\n\t\t\t\t<div class=\"elementor-element elementor-element-ee67a30 elementor-widget elementor-widget-heading\" data-id=\"ee67a30\" data-element_type=\"widget\" data-widget_type=\"heading.default\">\n\t\t\t\t<div class=\"elementor-widget-container\">\n\t\t\t<style>\/*! elementor - v3.21.0 - 08-05-2024 *\/\n.elementor-heading-title{padding:0;margin:0;line-height:1}.elementor-widget-heading .elementor-heading-title[class*=elementor-size-]>a{color:inherit;font-size:inherit;line-height:inherit}.elementor-widget-heading .elementor-heading-title.elementor-size-small{font-size:15px}.elementor-widget-heading .elementor-heading-title.elementor-size-medium{font-size:19px}.elementor-widget-heading .elementor-heading-title.elementor-size-large{font-size:29px}.elementor-widget-heading .elementor-heading-title.elementor-size-xl{font-size:39px}.elementor-widget-heading .elementor-heading-title.elementor-size-xxl{font-size:59px}<\/style><h1 class=\"elementor-heading-title elementor-size-default\">Impressum<\/h1>\t\t<\/div>\n\t\t\t\t<\/div>\n\t\t\t\t<div class=\"elementor-element elementor-element-c356f58 elementor-widget elementor-widget-text-editor\" data-id=\"c356f58\" data-element_type=\"widget\" data-widget_type=\"text-editor.default\">\n\t\t\t\t<div class=\"elementor-widget-container\">\n\t\t\t<style>\/*! elementor - v3.21.0 - 08-05-2024 *\/\n.elementor-widget-text-editor.elementor-drop-cap-view-stacked .elementor-drop-cap{background-color:#69727d;color:#fff}.elementor-widget-text-editor.elementor-drop-cap-view-framed .elementor-drop-cap{color:#69727d;border:3px solid;background-color:transparent}.elementor-widget-text-editor:not(.elementor-drop-cap-view-default) .elementor-drop-cap{margin-top:8px}.elementor-widget-text-editor:not(.elementor-drop-cap-view-default) .elementor-drop-cap-letter{width:1em;height:1em}.elementor-widget-text-editor .elementor-drop-cap{float:left;text-align:center;line-height:1;font-size:50px}.elementor-widget-text-editor .elementor-drop-cap-letter{display:inline-block}<\/style>\t\t\t\t<p>SEB Baugesellschaft mbH<\/p><p>S\u00fc\u00dfenborner Weg 40c<\/p><p>99510 Ilmtal Weinstra\u00dfe<\/p><p>Vertretungsberechtigte:<\/p><p>Dipl.-Ing. Dirk Schoppe und Tillmann Boldt<\/p><p>Tel : 03643 9061600<\/p><p>Fax: 03643 9061609<\/p><p>mail(at)seb-baugesellschaft.de<\/p><p>HRB Jena 509855<\/p><p>Steuer-Nr. 162\/118\/04169<\/p><p>USt-IdNr. DE283520041<\/p>\t\t\t\t\t\t<\/div>\n\t\t\t\t<\/div>\n\t\t\t\t<\/div>\n\t\t\t\t<\/div>\n\t\t","protected":false},"excerpt":{"rendered":"<p>Impressum SEB Baugesellschaft mbH S\u00fc\u00dfenborner Weg 40c 99510 Ilmtal Weinstra\u00dfe Vertretungsberechtigte: Dipl.-Ing. Dirk Schoppe und Tillmann Boldt Tel : 03643 9061600 Fax: 03643 9061609 mail(at)seb-baugesellschaft.de HRB Jena 509855 Steuer-Nr. 162\/118\/04169 USt-IdNr. DE283520041<\/p>\n","protected":false},"author":1,"featured_media":0,"parent":0,"menu_order":0,"comment_status":"closed","ping_status":"closed","template":"","meta":{"footnotes":""},"class_list":["post-113","page","type-page","status-publish","hentry"],"yoast_head":"<!-- This site is optimized with the Yoast SEO plugin v22.6 - https:\/\/yoast.com\/wordpress\/plugins\/seo\/ -->\n<title>Impressum - SEB<\/title>\n<meta name=\"robots\" content=\"index, follow, max-snippet:-1, max-image-preview:large, max-video-preview:-1\" \/>\n<link rel=\"canonical\" href=\"https:\/\/heuristic-nobel.85-215-159-120.plesk.page\/?page_id=113\" \/>\n<meta property=\"og:locale\" content=\"de_DE\" \/>\n<meta property=\"og:type\" content=\"article\" \/>\n<meta property=\"og:title\" content=\"Impressum - SEB\" \/>\n<meta property=\"og:description\" content=\"Impressum SEB Baugesellschaft mbH S\u00fc\u00dfenborner Weg 40c 99510 Ilmtal Weinstra\u00dfe Vertretungsberechtigte: Dipl.-Ing. Dirk Schoppe und Tillmann Boldt Tel : 03643 9061600 Fax: 03643 9061609 mail(at)seb-baugesellschaft.de HRB Jena 509855 Steuer-Nr. 162\/118\/04169 USt-IdNr. DE283520041\" \/>\n<meta property=\"og:url\" content=\"https:\/\/heuristic-nobel.85-215-159-120.plesk.page\/?page_id=113\" \/>\n<meta property=\"og:site_name\" content=\"SEB\" \/>\n<meta property=\"article:modified_time\" content=\"2024-05-17T12:44:56+00:00\" \/>\n<meta property=\"og:image\" content=\"https:\/\/heuristic-nobel.85-215-159-120.plesk.page\/wp-content\/uploads\/elementor\/thumbs\/logo_komplett-qoaf1hnaszdv4hgkqgi7ml5mrgc0tws2bhiyhrdclc.png\" \/>\n<meta name=\"twitter:card\" content=\"summary_large_image\" \/>\n<meta name=\"twitter:label1\" content=\"Gesch\u00e4tzte Lesezeit\" \/>\n\t<meta name=\"twitter:data1\" content=\"1\u00a0Minute\" \/>\n<script type=\"application\/ld+json\" class=\"yoast-schema-graph\">{\"@context\":\"https:\/\/schema.org\",\"@graph\":[{\"@type\":\"WebPage\",\"@id\":\"https:\/\/heuristic-nobel.85-215-159-120.plesk.page\/?page_id=113\",\"url\":\"https:\/\/heuristic-nobel.85-215-159-120.plesk.page\/?page_id=113\",\"name\":\"Impressum - SEB\",\"isPartOf\":{\"@id\":\"https:\/\/heuristic-nobel.85-215-159-120.plesk.page\/#website\"},\"primaryImageOfPage\":{\"@id\":\"https:\/\/heuristic-nobel.85-215-159-120.plesk.page\/?page_id=113#primaryimage\"},\"image\":{\"@id\":\"https:\/\/heuristic-nobel.85-215-159-120.plesk.page\/?page_id=113#primaryimage\"},\"thumbnailUrl\":\"https:\/\/heuristic-nobel.85-215-159-120.plesk.page\/wp-content\/uploads\/elementor\/thumbs\/logo_komplett-qoaf1hnaszdv4hgkqgi7ml5mrgc0tws2bhiyhrdclc.png\",\"datePublished\":\"2024-05-17T09:03:38+00:00\",\"dateModified\":\"2024-05-17T12:44:56+00:00\",\"breadcrumb\":{\"@id\":\"https:\/\/heuristic-nobel.85-215-159-120.plesk.page\/?page_id=113#breadcrumb\"},\"inLanguage\":\"de\",\"potentialAction\":[{\"@type\":\"ReadAction\",\"target\":[\"https:\/\/heuristic-nobel.85-215-159-120.plesk.page\/?page_id=113\"]}]},{\"@type\":\"ImageObject\",\"inLanguage\":\"de\",\"@id\":\"https:\/\/heuristic-nobel.85-215-159-120.plesk.page\/?page_id=113#primaryimage\",\"url\":\"https:\/\/heuristic-nobel.85-215-159-120.plesk.page\/wp-content\/uploads\/elementor\/thumbs\/logo_komplett-qoaf1hnaszdv4hgkqgi7ml5mrgc0tws2bhiyhrdclc.png\",\"contentUrl\":\"https:\/\/heuristic-nobel.85-215-159-120.plesk.page\/wp-content\/uploads\/elementor\/thumbs\/logo_komplett-qoaf1hnaszdv4hgkqgi7ml5mrgc0tws2bhiyhrdclc.png\"},{\"@type\":\"BreadcrumbList\",\"@id\":\"https:\/\/heuristic-nobel.85-215-159-120.plesk.page\/?page_id=113#breadcrumb\",\"itemListElement\":[{\"@type\":\"ListItem\",\"position\":1,\"name\":\"Startseite\",\"item\":\"https:\/\/heuristic-nobel.85-215-159-120.plesk.page\/\"},{\"@type\":\"ListItem\",\"position\":2,\"name\":\"Impressum\"}]},{\"@type\":\"WebSite\",\"@id\":\"https:\/\/heuristic-nobel.85-215-159-120.plesk.page\/#website\",\"url\":\"https:\/\/heuristic-nobel.85-215-159-120.plesk.page\/\",\"name\":\"SEB\",\"description\":\"Baugesellschaft mbH\",\"potentialAction\":[{\"@type\":\"SearchAction\",\"target\":{\"@type\":\"EntryPoint\",\"urlTemplate\":\"https:\/\/heuristic-nobel.85-215-159-120.plesk.page\/?s={search_term_string}\"},\"query-input\":\"required name=search_term_string\"}],\"inLanguage\":\"de\"}]}<\/script>\n<!-- \/ Yoast SEO plugin. -->","yoast_head_json":{"title":"Impressum - SEB","robots":{"index":"index","follow":"follow","max-snippet":"max-snippet:-1","max-image-preview":"max-image-preview:large","max-video-preview":"max-video-preview:-1"},"canonical":"https:\/\/heuristic-nobel.85-215-159-120.plesk.page\/?page_id=113","og_locale":"de_DE","og_type":"article","og_title":"Impressum - SEB","og_description":"Impressum SEB Baugesellschaft mbH S\u00fc\u00dfenborner Weg 40c 99510 Ilmtal Weinstra\u00dfe Vertretungsberechtigte: Dipl.-Ing. Dirk Schoppe und Tillmann Boldt Tel : 03643 9061600 Fax: 03643 9061609 mail(at)seb-baugesellschaft.de HRB Jena 509855 Steuer-Nr. 162\/118\/04169 USt-IdNr. DE283520041","og_url":"https:\/\/heuristic-nobel.85-215-159-120.plesk.page\/?page_id=113","og_site_name":"SEB","article_modified_time":"2024-05-17T12:44:56+00:00","og_image":[{"url":"https:\/\/heuristic-nobel.85-215-159-120.plesk.page\/wp-content\/uploads\/elementor\/thumbs\/logo_komplett-qoaf1hnaszdv4hgkqgi7ml5mrgc0tws2bhiyhrdclc.png"}],"twitter_card":"summary_large_image","twitter_misc":{"Gesch\u00e4tzte Lesezeit":"1\u00a0Minute"},"schema":{"@context":"https:\/\/schema.org","@graph":[{"@type":"WebPage","@id":"https:\/\/heuristic-nobel.85-215-159-120.plesk.page\/?page_id=113","url":"https:\/\/heuristic-nobel.85-215-159-120.plesk.page\/?page_id=113","name":"Impressum - SEB","isPartOf":{"@id":"https:\/\/heuristic-nobel.85-215-159-120.plesk.page\/#website"},"primaryImageOfPage":{"@id":"https:\/\/heuristic-nobel.85-215-159-120.plesk.page\/?page_id=113#primaryimage"},"image":{"@id":"https:\/\/heuristic-nobel.85-215-159-120.plesk.page\/?page_id=113#primaryimage"},"thumbnailUrl":"https:\/\/heuristic-nobel.85-215-159-120.plesk.page\/wp-content\/uploads\/elementor\/thumbs\/logo_komplett-qoaf1hnaszdv4hgkqgi7ml5mrgc0tws2bhiyhrdclc.png","datePublished":"2024-05-17T09:03:38+00:00","dateModified":"2024-05-17T12:44:56+00:00","breadcrumb":{"@id":"https:\/\/heuristic-nobel.85-215-159-120.plesk.page\/?page_id=113#breadcrumb"},"inLanguage":"de","potentialAction":[{"@type":"ReadAction","target":["https:\/\/heuristic-nobel.85-215-159-120.plesk.page\/?page_id=113"]}]},{"@type":"ImageObject","inLanguage":"de","@id":"https:\/\/heuristic-nobel.85-215-159-120.plesk.page\/?page_id=113#primaryimage","url":"https:\/\/heuristic-nobel.85-215-159-120.plesk.page\/wp-content\/uploads\/elementor\/thumbs\/logo_komplett-qoaf1hnaszdv4hgkqgi7ml5mrgc0tws2bhiyhrdclc.png","contentUrl":"https:\/\/heuristic-nobel.85-215-159-120.plesk.page\/wp-content\/uploads\/elementor\/thumbs\/logo_komplett-qoaf1hnaszdv4hgkqgi7ml5mrgc0tws2bhiyhrdclc.png"},{"@type":"BreadcrumbList","@id":"https:\/\/heuristic-nobel.85-215-159-120.plesk.page\/?page_id=113#breadcrumb","itemListElement":[{"@type":"ListItem","position":1,"name":"Startseite","item":"https:\/\/heuristic-nobel.85-215-159-120.plesk.page\/"},{"@type":"ListItem","position":2,"name":"Impressum"}]},{"@type":"WebSite","@id":"https:\/\/heuristic-nobel.85-215-159-120.plesk.page\/#website","url":"https:\/\/heuristic-nobel.85-215-159-120.plesk.page\/","name":"SEB","description":"Baugesellschaft mbH","potentialAction":[{"@type":"SearchAction","target":{"@type":"EntryPoint","urlTemplate":"https:\/\/heuristic-nobel.85-215-159-120.plesk.page\/?s={search_term_string}"},"query-input":"required name=search_term_string"}],"inLanguage":"de"}]}},"_links":{"self":[{"href":"https:\/\/heuristic-nobel.85-215-159-120.plesk.page\/index.php?rest_route=\/wp\/v2\/pages\/113","targetHints":{"allow":["GET"]}}],"collection":[{"href":"https:\/\/heuristic-nobel.85-215-159-120.plesk.page\/index.php?rest_route=\/wp\/v2\/pages"}],"about":[{"href":"https:\/\/heuristic-nobel.85-215-159-120.plesk.page\/index.php?rest_route=\/wp\/v2\/types\/page"}],"author":[{"embeddable":true,"href":"https:\/\/heuristic-nobel.85-215-159-120.plesk.page\/index.php?rest_route=\/wp\/v2\/users\/1"}],"replies":[{"embeddable":true,"href":"https:\/\/heuristic-nobel.85-215-159-120.plesk.page\/index.php?rest_route=%2Fwp%2Fv2%2Fcomments&post=113"}],"version-history":[{"count":10,"href":"https:\/\/heuristic-nobel.85-215-159-120.plesk.page\/index.php?rest_route=\/wp\/v2\/pages\/113\/revisions"}],"predecessor-version":[{"id":427,"href":"https:\/\/heuristic-nobel.85-215-159-120.plesk.page\/index.php?rest_route=\/wp\/v2\/pages\/113\/revisions\/427"}],"wp:attachment":[{"href":"https:\/\/heuristic-nobel.85-215-159-120.plesk.page\/index.php?rest_route=%2Fwp%2Fv2%2Fmedia&parent=113"}],"curies":[{"name":"wp","href":"https:\/\/api.w.org\/{rel}","templated":true}]}}