{"id":106,"date":"2024-05-17T00:03:17","date_gmt":"2024-05-17T00:03:17","guid":{"rendered":"https:\/\/heuristic-nobel.85-215-159-120.plesk.page\/?page_id=106"},"modified":"2024-05-17T12:40:17","modified_gmt":"2024-05-17T12:40:17","slug":"kontakt","status":"publish","type":"page","link":"https:\/\/heuristic-nobel.85-215-159-120.plesk.page\/?page_id=106","title":{"rendered":"Kontakt"},"content":{"rendered":"\t\t<div data-elementor-type=\"wp-page\" data-elementor-id=\"106\" class=\"elementor elementor-106\" data-elementor-post-type=\"page\">\n\t\t\t\t<div class=\"elementor-element elementor-element-e1a73e5 e-con-full e-flex e-con e-parent\" data-id=\"e1a73e5\" data-element_type=\"container\">\n\t\t\t\t<div class=\"elementor-element elementor-element-c7a3c52 elementor-fixed elementor-nav-menu__align-center elementor-widget__width-inherit elementor-nav-menu--dropdown-tablet elementor-nav-menu__text-align-aside elementor-nav-menu--toggle elementor-nav-menu--burger elementor-widget elementor-widget-global elementor-global-404 elementor-widget-nav-menu\" data-id=\"c7a3c52\" data-element_type=\"widget\" data-settings=\"{&quot;_position&quot;:&quot;fixed&quot;,&quot;layout&quot;:&quot;horizontal&quot;,&quot;submenu_icon&quot;:{&quot;value&quot;:&quot;fas fa-caret-down&quot;,&quot;library&quot;:&quot;fa-solid&quot;},&quot;toggle&quot;:&quot;burger&quot;}\" data-widget_type=\"nav-menu.default\">\n\t\t\t\t<div class=\"elementor-widget-container\">\n\t\t\t<link rel=\"stylesheet\" href=\"https:\/\/heuristic-nobel.85-215-159-120.plesk.page\/wp-content\/plugins\/elementor-pro\/assets\/css\/widget-nav-menu.min.css\">\t\t\t<nav class=\"elementor-nav-menu--main elementor-nav-menu__container elementor-nav-menu--layout-horizontal e--pointer-underline e--animation-fade\">\n\t\t\t\t<ul id=\"menu-1-c7a3c52\" class=\"elementor-nav-menu\"><li class=\"menu-item menu-item-type-post_type menu-item-object-page menu-item-home menu-item-395\"><a href=\"https:\/\/heuristic-nobel.85-215-159-120.plesk.page\/\" class=\"elementor-item\">Hauptseite<\/a><\/li>\n<li class=\"menu-item menu-item-type-post_type menu-item-object-page menu-item-403\"><a href=\"https:\/\/heuristic-nobel.85-215-159-120.plesk.page\/?page_id=100\" class=\"elementor-item\">Unser Unternehmen<\/a><\/li>\n<li class=\"menu-item menu-item-type-post_type menu-item-object-page menu-item-387\"><a href=\"https:\/\/heuristic-nobel.85-215-159-120.plesk.page\/?page_id=104\" class=\"elementor-item\">Leistungsprofil<\/a><\/li>\n<li class=\"menu-item menu-item-type-post_type menu-item-object-page menu-item-402\"><a href=\"https:\/\/heuristic-nobel.85-215-159-120.plesk.page\/?page_id=102\" class=\"elementor-item\">Stellenangebot<\/a><\/li>\n<li class=\"menu-item menu-item-type-post_type menu-item-object-page menu-item-386\"><a href=\"https:\/\/heuristic-nobel.85-215-159-120.plesk.page\/?page_id=106\" class=\"elementor-item\">Kontakt<\/a><\/li>\n<\/ul>\t\t\t<\/nav>\n\t\t\t\t\t<div class=\"elementor-menu-toggle\" role=\"button\" tabindex=\"0\" aria-label=\"Menu Toggle\" aria-expanded=\"false\">\n\t\t\t<svg aria-hidden=\"true\" role=\"presentation\" class=\"elementor-menu-toggle__icon--open e-font-icon-svg e-eicon-menu-bar\" viewBox=\"0 0 1000 1000\" xmlns=\"http:\/\/www.w3.org\/2000\/svg\"><path d=\"M104 333H896C929 333 958 304 958 271S929 208 896 208H104C71 208 42 237 42 271S71 333 104 333ZM104 583H896C929 583 958 554 958 521S929 458 896 458H104C71 458 42 487 42 521S71 583 104 583ZM104 833H896C929 833 958 804 958 771S929 708 896 708H104C71 708 42 737 42 771S71 833 104 833Z\"><\/path><\/svg><svg aria-hidden=\"true\" role=\"presentation\" class=\"elementor-menu-toggle__icon--close e-font-icon-svg e-eicon-close\" viewBox=\"0 0 1000 1000\" xmlns=\"http:\/\/www.w3.org\/2000\/svg\"><path d=\"M742 167L500 408 258 167C246 154 233 150 217 150 196 150 179 158 167 167 154 179 150 196 150 212 150 229 154 242 171 254L408 500 167 742C138 771 138 800 167 829 196 858 225 858 254 829L496 587 738 829C750 842 767 846 783 846 800 846 817 842 829 829 842 817 846 804 846 783 846 767 842 750 829 737L588 500 833 258C863 229 863 200 833 171 804 137 775 137 742 167Z\"><\/path><\/svg>\t\t\t<span class=\"elementor-screen-only\">Menu<\/span>\n\t\t<\/div>\n\t\t\t\t\t<nav class=\"elementor-nav-menu--dropdown elementor-nav-menu__container\" aria-hidden=\"true\">\n\t\t\t\t<ul id=\"menu-2-c7a3c52\" class=\"elementor-nav-menu\"><li class=\"menu-item menu-item-type-post_type menu-item-object-page menu-item-home menu-item-395\"><a href=\"https:\/\/heuristic-nobel.85-215-159-120.plesk.page\/\" class=\"elementor-item\" tabindex=\"-1\">Hauptseite<\/a><\/li>\n<li class=\"menu-item menu-item-type-post_type menu-item-object-page menu-item-403\"><a href=\"https:\/\/heuristic-nobel.85-215-159-120.plesk.page\/?page_id=100\" class=\"elementor-item\" tabindex=\"-1\">Unser Unternehmen<\/a><\/li>\n<li class=\"menu-item menu-item-type-post_type menu-item-object-page menu-item-387\"><a href=\"https:\/\/heuristic-nobel.85-215-159-120.plesk.page\/?page_id=104\" class=\"elementor-item\" tabindex=\"-1\">Leistungsprofil<\/a><\/li>\n<li class=\"menu-item menu-item-type-post_type menu-item-object-page menu-item-402\"><a href=\"https:\/\/heuristic-nobel.85-215-159-120.plesk.page\/?page_id=102\" class=\"elementor-item\" tabindex=\"-1\">Stellenangebot<\/a><\/li>\n<li class=\"menu-item menu-item-type-post_type menu-item-object-page menu-item-386\"><a href=\"https:\/\/heuristic-nobel.85-215-159-120.plesk.page\/?page_id=106\" class=\"elementor-item\" tabindex=\"-1\">Kontakt<\/a><\/li>\n<\/ul>\t\t\t<\/nav>\n\t\t\t\t<\/div>\n\t\t\t\t<\/div>\n\t\t\t\t<div class=\"elementor-element elementor-element-0a8b7d7 elementor-widget elementor-widget-heading\" data-id=\"0a8b7d7\" data-element_type=\"widget\" data-widget_type=\"heading.default\">\n\t\t\t\t<div class=\"elementor-widget-container\">\n\t\t\t<style>\/*! elementor - v3.21.0 - 08-05-2024 *\/\n.elementor-heading-title{padding:0;margin:0;line-height:1}.elementor-widget-heading .elementor-heading-title[class*=elementor-size-]>a{color:inherit;font-size:inherit;line-height:inherit}.elementor-widget-heading .elementor-heading-title.elementor-size-small{font-size:15px}.elementor-widget-heading .elementor-heading-title.elementor-size-medium{font-size:19px}.elementor-widget-heading .elementor-heading-title.elementor-size-large{font-size:29px}.elementor-widget-heading .elementor-heading-title.elementor-size-xl{font-size:39px}.elementor-widget-heading .elementor-heading-title.elementor-size-xxl{font-size:59px}<\/style><h2 class=\"elementor-heading-title elementor-size-default\">SEB Baugesellschaft mbH<\/h2>\t\t<\/div>\n\t\t\t\t<\/div>\n\t\t\t\t<div class=\"elementor-element elementor-element-6bdbfe8 elementor-widget__width-initial elementor-widget elementor-widget-text-editor\" data-id=\"6bdbfe8\" data-element_type=\"widget\" data-widget_type=\"text-editor.default\">\n\t\t\t\t<div class=\"elementor-widget-container\">\n\t\t\t<style>\/*! elementor - v3.21.0 - 08-05-2024 *\/\n.elementor-widget-text-editor.elementor-drop-cap-view-stacked .elementor-drop-cap{background-color:#69727d;color:#fff}.elementor-widget-text-editor.elementor-drop-cap-view-framed .elementor-drop-cap{color:#69727d;border:3px solid;background-color:transparent}.elementor-widget-text-editor:not(.elementor-drop-cap-view-default) .elementor-drop-cap{margin-top:8px}.elementor-widget-text-editor:not(.elementor-drop-cap-view-default) .elementor-drop-cap-letter{width:1em;height:1em}.elementor-widget-text-editor .elementor-drop-cap{float:left;text-align:center;line-height:1;font-size:50px}.elementor-widget-text-editor .elementor-drop-cap-letter{display:inline-block}<\/style>\t\t\t\t<p>S\u00fc\u00dfenborner Weg 40c, 99510 Ilmtal-Weinstra\u00dfe <\/p>\t\t\t\t\t\t<\/div>\n\t\t\t\t<\/div>\n\t\t\t\t<div class=\"elementor-element elementor-element-5189969 elementor-widget__width-initial elementor-widget elementor-widget-text-editor\" data-id=\"5189969\" data-element_type=\"widget\" data-widget_type=\"text-editor.default\">\n\t\t\t\t<div class=\"elementor-widget-container\">\n\t\t\t\t\t\t\t<p>\u00a003643 9061600<\/p>\t\t\t\t\t\t<\/div>\n\t\t\t\t<\/div>\n\t\t\t\t<div class=\"elementor-element elementor-element-653a8ad elementor-widget elementor-widget-bdt-animated-link\" data-id=\"653a8ad\" data-element_type=\"widget\" data-widget_type=\"bdt-animated-link.default\">\n\t\t\t\t<div class=\"elementor-widget-container\">\n\t\t\t\t\t\t\t\t<a class=\"bdt-ep-animated-link bdt-ep-animated-link--metis\">\r\n\t\t\t\tmail@seb-baugesellschaft.de\t\t\t<\/a>\r\n\t\t\r\n\t\t<\/div>\n\t\t\t\t<\/div>\n\t\t<div class=\"elementor-element elementor-element-55dfa97 e-con-full e-flex e-con e-child\" data-id=\"55dfa97\" data-element_type=\"container\">\n\t\t\t\t<div class=\"elementor-element elementor-element-2b13209 elementor-button-align-center elementor-widget__width-initial elementor-widget elementor-widget-bdt-contact-form\" data-id=\"2b13209\" data-element_type=\"widget\" data-widget_type=\"bdt-contact-form.default\">\n\t\t\t\t<div class=\"elementor-widget-container\">\n\t\t\t\t\t<div class=\"bdt-contact-form bdt-contact-form-skin-default\">\r\n\t\t\t<div class=\"elementor-form-fields-wrapper\">\r\n\t\t\t\t\t\t<div class=\"bdt-contact-form-wrapper\">\r\n\t\t\t<form class=\"bdt-contact-form-form bdt-form-stacked bdt-grid bdt-grid-small without-recaptcha\" data-bdt-grid=\"\" action=\"https:\/\/heuristic-nobel.85-215-159-120.plesk.page\/wp-admin\/admin-ajax.php\" method=\"post\">\r\n\r\n\t\t\t\t\r\n\t\t\t\t\t<div class=\"bdt-field-group elementor-field-required bdt-width-1-2@m bdt-name-email-inline\">\r\n\t\t\t\t\t\t<label for=\"user_name2b13209\" class=\"bdt-form-label\"><\/label><div class=\"bdt-form-controls\"><input type=\"text\" name=\"name\" id=\"user_name2b13209\" placeholder=\"Name*\" class=\"bdt-input bdt-form-default\" required =\"required\"><\/div>\t\t\t\t\t<\/div>\r\n\r\n\t\t\t\t\t<div class=\"bdt-field-group elementor-field-required bdt-width-1-2@m bdt-name-email-inline\">\r\n\t\t\t\t\t\t<label for=\"email2b13209\" class=\"bdt-form-label\"><\/label><div class=\"bdt-form-controls\"><input type=\"email\" name=\"email\" id=\"email2b13209\" placeholder=\"Email*\" class=\"bdt-input bdt-form-default\" required=\"required\"><\/div>\t\t\t\t\t<\/div>\r\n\r\n\t\t\t\t\t\r\n\t\t\t\t\t\t\t\t\t\t\t<div class=\"bdt-field-group bdt-width-1-1 elementor-field-required\">\r\n\t\t\t\t\t\t\t<label for=\"subject2b13209\" class=\"bdt-form-label\"><\/label><div class=\"bdt-form-controls\"><input type=\"text\" name=\"subject\" id=\"subject2b13209\" placeholder=\"Betreff*\" class=\"bdt-input bdt-form-default\" required=\"required\"><\/div>\t\t\t\t\t\t<\/div>\r\n\t\t\t\t\t\r\n\t\t\t\t\t\r\n\t\t\t\t\t\t\t\t\t\t\t<div class=\"bdt-field-group bdt-width-1-1 elementor-field-required\">\r\n\t\t\t\t\t\t\t<label for=\"message2b13209\" class=\"bdt-form-label\"><\/label><div class=\"bdt-form-controls\"><textarea name=\"message\" id=\"message2b13209\" rows=\"5\" placeholder=\"Nachricht*\" class=\"bdt-textarea bdt-form-default\" required=\"required\"><\/textarea><\/div>\t\t\t\t\t\t<\/div>\r\n\t\t\t\t\t\r\n\t\t\t\t\t\r\n\r\n\t\t\t\t\t\r\n\t\t\t\t\t\t\t\t\t\t\t<input type=\"hidden\" name=\"reset-after-submit\" value=\"yes\" \/>\r\n\t\t\t\t\t\r\n\t\t\t\t\t<input type=\"hidden\" class=\"widget_id\" name=\"widget_id\" value=\"2b13209\" \/>\r\n\t\t\t\t\t<input type=\"hidden\" name=\"bdt-sf-2b13209\" value=\"true\" \/>\r\n\t\t\t\t\t<input type=\"hidden\" class=\"page_id\" name=\"page_id\" value=\"106\" \/>\r\n\r\n\t\t\t\t\t<div class=\"elementor-field-type-submit bdt-field-group bdt-flex bdt-width-1-1\">\r\n\t\t\t\t\t\t<button type=\"submit\" class=\"elementor-button bdt-button bdt-button-primary\" name=\"submit\">\r\n\t\t\t\t\t\t\t\t\t\t\t\t\t\t\t<span>Senden!<\/span>\r\n\t\t\t\t\t\t\t\t\t\t\t\t\t<\/button>\r\n\t\t\t\t\t<\/div>\r\n\r\n\t\t\t\t\t<input name=\"_wpnonce\" value=\"8920af2041\" type=\"hidden\">\r\n\r\n\t\t\t\t\t<input type=\"hidden\" name=\"action\" value=\"element_pack_contact_form\" \/>\r\n\r\n\t\t\t\t\t\r\n\t\t\t<\/form>\r\n\t\t<\/div>\r\n\t\t\t<\/div>\r\n\t\t<\/div>\r\n\t\t\t<\/div>\n\t\t\t\t<\/div>\n\t\t\t\t<\/div>\n\t\t<div class=\"elementor-element elementor-element-e0a3c9c e-flex e-con-boxed e-con e-child\" data-id=\"e0a3c9c\" data-element_type=\"container\" data-settings=\"{&quot;background_background&quot;:&quot;classic&quot;}\">\n\t\t\t\t\t<div class=\"e-con-inner\">\n\t\t\t\t<div class=\"elementor-element elementor-element-f2980b9 elementor-widget elementor-widget-bdt-animated-link\" data-id=\"f2980b9\" data-element_type=\"widget\" data-widget_type=\"bdt-animated-link.default\">\n\t\t\t\t<div class=\"elementor-widget-container\">\n\t\t\t\t\t\t\t\t<a class=\"bdt-ep-animated-link bdt-ep-animated-link--metis\" href=\"https:\/\/heuristic-nobel.85-215-159-120.plesk.page\/?page_id=113\">\r\n\t\t\t\tImpressum\t\t\t<\/a>\r\n\t\t\r\n\t\t<\/div>\n\t\t\t\t<\/div>\n\t\t\t\t<div class=\"elementor-element elementor-element-0b074fc elementor-widget elementor-widget-bdt-animated-link\" data-id=\"0b074fc\" data-element_type=\"widget\" data-widget_type=\"bdt-animated-link.default\">\n\t\t\t\t<div class=\"elementor-widget-container\">\n\t\t\t\t\t\t\t\t<a class=\"bdt-ep-animated-link bdt-ep-animated-link--metis\" href=\"https:\/\/heuristic-nobel.85-215-159-120.plesk.page\/?page_id=115\">\r\n\t\t\t\tDatenschutzerkl\u00e4rung\t\t\t<\/a>\r\n\t\t\r\n\t\t<\/div>\n\t\t\t\t<\/div>\n\t\t\t\t\t<\/div>\n\t\t\t\t<\/div>\n\t\t\t\t<\/div>\n\t\t\t\t<\/div>\n\t\t","protected":false},"excerpt":{"rendered":"<p>SEB Baugesellschaft mbH S\u00fc\u00dfenborner Weg 40c, 99510 Ilmtal-Weinstra\u00dfe \u00a003643 9061600 mail@seb-baugesellschaft.de Senden! Impressum Datenschutzerkl\u00e4rung<\/p>\n","protected":false},"author":1,"featured_media":0,"parent":0,"menu_order":0,"comment_status":"closed","ping_status":"closed","template":"","meta":{"footnotes":""},"class_list":["post-106","page","type-page","status-publish","hentry"],"yoast_head":"<!-- This site is optimized with the Yoast SEO plugin v22.6 - https:\/\/yoast.com\/wordpress\/plugins\/seo\/ -->\n<title>Kontakt - SEB<\/title>\n<meta name=\"robots\" content=\"index, follow, max-snippet:-1, max-image-preview:large, max-video-preview:-1\" \/>\n<link rel=\"canonical\" href=\"https:\/\/heuristic-nobel.85-215-159-120.plesk.page\/?page_id=106\" \/>\n<meta property=\"og:locale\" content=\"de_DE\" \/>\n<meta property=\"og:type\" content=\"article\" \/>\n<meta property=\"og:title\" content=\"Kontakt - SEB\" \/>\n<meta property=\"og:description\" content=\"SEB Baugesellschaft mbH S\u00fc\u00dfenborner Weg 40c, 99510 Ilmtal-Weinstra\u00dfe \u00a003643 9061600 mail@seb-baugesellschaft.de Senden! Impressum Datenschutzerkl\u00e4rung\" \/>\n<meta property=\"og:url\" content=\"https:\/\/heuristic-nobel.85-215-159-120.plesk.page\/?page_id=106\" \/>\n<meta property=\"og:site_name\" content=\"SEB\" \/>\n<meta property=\"article:modified_time\" content=\"2024-05-17T12:40:17+00:00\" \/>\n<meta name=\"twitter:card\" content=\"summary_large_image\" \/>\n<meta name=\"twitter:label1\" content=\"Gesch\u00e4tzte Lesezeit\" \/>\n\t<meta name=\"twitter:data1\" content=\"1\u00a0Minute\" \/>\n<script type=\"application\/ld+json\" class=\"yoast-schema-graph\">{\"@context\":\"https:\/\/schema.org\",\"@graph\":[{\"@type\":\"WebPage\",\"@id\":\"https:\/\/heuristic-nobel.85-215-159-120.plesk.page\/?page_id=106\",\"url\":\"https:\/\/heuristic-nobel.85-215-159-120.plesk.page\/?page_id=106\",\"name\":\"Kontakt - SEB\",\"isPartOf\":{\"@id\":\"https:\/\/heuristic-nobel.85-215-159-120.plesk.page\/#website\"},\"datePublished\":\"2024-05-17T00:03:17+00:00\",\"dateModified\":\"2024-05-17T12:40:17+00:00\",\"breadcrumb\":{\"@id\":\"https:\/\/heuristic-nobel.85-215-159-120.plesk.page\/?page_id=106#breadcrumb\"},\"inLanguage\":\"de\",\"potentialAction\":[{\"@type\":\"ReadAction\",\"target\":[\"https:\/\/heuristic-nobel.85-215-159-120.plesk.page\/?page_id=106\"]}]},{\"@type\":\"BreadcrumbList\",\"@id\":\"https:\/\/heuristic-nobel.85-215-159-120.plesk.page\/?page_id=106#breadcrumb\",\"itemListElement\":[{\"@type\":\"ListItem\",\"position\":1,\"name\":\"Startseite\",\"item\":\"https:\/\/heuristic-nobel.85-215-159-120.plesk.page\/\"},{\"@type\":\"ListItem\",\"position\":2,\"name\":\"Kontakt\"}]},{\"@type\":\"WebSite\",\"@id\":\"https:\/\/heuristic-nobel.85-215-159-120.plesk.page\/#website\",\"url\":\"https:\/\/heuristic-nobel.85-215-159-120.plesk.page\/\",\"name\":\"SEB\",\"description\":\"Baugesellschaft mbH\",\"potentialAction\":[{\"@type\":\"SearchAction\",\"target\":{\"@type\":\"EntryPoint\",\"urlTemplate\":\"https:\/\/heuristic-nobel.85-215-159-120.plesk.page\/?s={search_term_string}\"},\"query-input\":\"required name=search_term_string\"}],\"inLanguage\":\"de\"}]}<\/script>\n<!-- \/ Yoast SEO plugin. -->","yoast_head_json":{"title":"Kontakt - SEB","robots":{"index":"index","follow":"follow","max-snippet":"max-snippet:-1","max-image-preview":"max-image-preview:large","max-video-preview":"max-video-preview:-1"},"canonical":"https:\/\/heuristic-nobel.85-215-159-120.plesk.page\/?page_id=106","og_locale":"de_DE","og_type":"article","og_title":"Kontakt - SEB","og_description":"SEB Baugesellschaft mbH S\u00fc\u00dfenborner Weg 40c, 99510 Ilmtal-Weinstra\u00dfe \u00a003643 9061600 mail@seb-baugesellschaft.de Senden! Impressum Datenschutzerkl\u00e4rung","og_url":"https:\/\/heuristic-nobel.85-215-159-120.plesk.page\/?page_id=106","og_site_name":"SEB","article_modified_time":"2024-05-17T12:40:17+00:00","twitter_card":"summary_large_image","twitter_misc":{"Gesch\u00e4tzte Lesezeit":"1\u00a0Minute"},"schema":{"@context":"https:\/\/schema.org","@graph":[{"@type":"WebPage","@id":"https:\/\/heuristic-nobel.85-215-159-120.plesk.page\/?page_id=106","url":"https:\/\/heuristic-nobel.85-215-159-120.plesk.page\/?page_id=106","name":"Kontakt - SEB","isPartOf":{"@id":"https:\/\/heuristic-nobel.85-215-159-120.plesk.page\/#website"},"datePublished":"2024-05-17T00:03:17+00:00","dateModified":"2024-05-17T12:40:17+00:00","breadcrumb":{"@id":"https:\/\/heuristic-nobel.85-215-159-120.plesk.page\/?page_id=106#breadcrumb"},"inLanguage":"de","potentialAction":[{"@type":"ReadAction","target":["https:\/\/heuristic-nobel.85-215-159-120.plesk.page\/?page_id=106"]}]},{"@type":"BreadcrumbList","@id":"https:\/\/heuristic-nobel.85-215-159-120.plesk.page\/?page_id=106#breadcrumb","itemListElement":[{"@type":"ListItem","position":1,"name":"Startseite","item":"https:\/\/heuristic-nobel.85-215-159-120.plesk.page\/"},{"@type":"ListItem","position":2,"name":"Kontakt"}]},{"@type":"WebSite","@id":"https:\/\/heuristic-nobel.85-215-159-120.plesk.page\/#website","url":"https:\/\/heuristic-nobel.85-215-159-120.plesk.page\/","name":"SEB","description":"Baugesellschaft mbH","potentialAction":[{"@type":"SearchAction","target":{"@type":"EntryPoint","urlTemplate":"https:\/\/heuristic-nobel.85-215-159-120.plesk.page\/?s={search_term_string}"},"query-input":"required name=search_term_string"}],"inLanguage":"de"}]}},"_links":{"self":[{"href":"https:\/\/heuristic-nobel.85-215-159-120.plesk.page\/index.php?rest_route=\/wp\/v2\/pages\/106","targetHints":{"allow":["GET"]}}],"collection":[{"href":"https:\/\/heuristic-nobel.85-215-159-120.plesk.page\/index.php?rest_route=\/wp\/v2\/pages"}],"about":[{"href":"https:\/\/heuristic-nobel.85-215-159-120.plesk.page\/index.php?rest_route=\/wp\/v2\/types\/page"}],"author":[{"embeddable":true,"href":"https:\/\/heuristic-nobel.85-215-159-120.plesk.page\/index.php?rest_route=\/wp\/v2\/users\/1"}],"replies":[{"embeddable":true,"href":"https:\/\/heuristic-nobel.85-215-159-120.plesk.page\/index.php?rest_route=%2Fwp%2Fv2%2Fcomments&post=106"}],"version-history":[{"count":172,"href":"https:\/\/heuristic-nobel.85-215-159-120.plesk.page\/index.php?rest_route=\/wp\/v2\/pages\/106\/revisions"}],"predecessor-version":[{"id":409,"href":"https:\/\/heuristic-nobel.85-215-159-120.plesk.page\/index.php?rest_route=\/wp\/v2\/pages\/106\/revisions\/409"}],"wp:attachment":[{"href":"https:\/\/heuristic-nobel.85-215-159-120.plesk.page\/index.php?rest_route=%2Fwp%2Fv2%2Fmedia&parent=106"}],"curies":[{"name":"wp","href":"https:\/\/api.w.org\/{rel}","templated":true}]}}