{"id":100,"date":"2024-05-17T00:02:29","date_gmt":"2024-05-17T00:02:29","guid":{"rendered":"https:\/\/heuristic-nobel.85-215-159-120.plesk.page\/?page_id=100"},"modified":"2024-06-05T14:00:46","modified_gmt":"2024-06-05T14:00:46","slug":"unserunternehmen","status":"publish","type":"page","link":"https:\/\/heuristic-nobel.85-215-159-120.plesk.page\/?page_id=100","title":{"rendered":"Unser Unternehmen"},"content":{"rendered":"\t\t<div data-elementor-type=\"wp-page\" data-elementor-id=\"100\" class=\"elementor elementor-100\" data-elementor-post-type=\"page\">\n\t\t\t\t<div class=\"elementor-element elementor-element-9fc4f2d e-con-full e-flex e-con e-parent\" data-id=\"9fc4f2d\" data-element_type=\"container\">\n\t\t\t\t<div class=\"elementor-element elementor-element-b93069f elementor-widget elementor-widget-image\" data-id=\"b93069f\" data-element_type=\"widget\" data-widget_type=\"image.default\">\n\t\t\t\t<div class=\"elementor-widget-container\">\n\t\t\t<style>\/*! elementor - v3.21.0 - 08-05-2024 *\/\n.elementor-widget-image{text-align:center}.elementor-widget-image a{display:inline-block}.elementor-widget-image a img[src$=\".svg\"]{width:48px}.elementor-widget-image img{vertical-align:middle;display:inline-block}<\/style>\t\t\t\t\t\t\t\t\t\t<img decoding=\"async\" src=\"https:\/\/heuristic-nobel.85-215-159-120.plesk.page\/wp-content\/uploads\/elementor\/thumbs\/logo_komplett-qoaf1hnaszdv4hgkqgi7ml5mrgc0tws2bhiyhrdclc.png\" title=\"logo_komplett\" alt=\"logo_komplett\" loading=\"lazy\" \/>\t\t\t\t\t\t\t\t\t\t\t\t\t<\/div>\n\t\t\t\t<\/div>\n\t\t\t\t<div class=\"elementor-element elementor-element-404 elementor-fixed elementor-nav-menu__align-center elementor-widget__width-inherit elementor-nav-menu--dropdown-tablet elementor-nav-menu__text-align-aside elementor-nav-menu--toggle elementor-nav-menu--burger elementor-widget elementor-widget-global elementor-global-404 elementor-widget-nav-menu\" data-id=\"404\" data-element_type=\"widget\" data-settings=\"{&quot;_position&quot;:&quot;fixed&quot;,&quot;layout&quot;:&quot;horizontal&quot;,&quot;submenu_icon&quot;:{&quot;value&quot;:&quot;fas fa-caret-down&quot;,&quot;library&quot;:&quot;fa-solid&quot;},&quot;toggle&quot;:&quot;burger&quot;}\" data-widget_type=\"nav-menu.default\">\n\t\t\t\t<div class=\"elementor-widget-container\">\n\t\t\t<link rel=\"stylesheet\" href=\"https:\/\/heuristic-nobel.85-215-159-120.plesk.page\/wp-content\/plugins\/elementor-pro\/assets\/css\/widget-nav-menu.min.css\">\t\t\t<nav class=\"elementor-nav-menu--main elementor-nav-menu__container elementor-nav-menu--layout-horizontal e--pointer-underline e--animation-fade\">\n\t\t\t\t<ul id=\"menu-1-404\" class=\"elementor-nav-menu\"><li class=\"menu-item menu-item-type-post_type menu-item-object-page menu-item-home menu-item-395\"><a href=\"https:\/\/heuristic-nobel.85-215-159-120.plesk.page\/\" class=\"elementor-item\">Hauptseite<\/a><\/li>\n<li class=\"menu-item menu-item-type-post_type menu-item-object-page menu-item-403\"><a href=\"https:\/\/heuristic-nobel.85-215-159-120.plesk.page\/?page_id=100\" class=\"elementor-item\">Unser Unternehmen<\/a><\/li>\n<li class=\"menu-item menu-item-type-post_type menu-item-object-page menu-item-387\"><a href=\"https:\/\/heuristic-nobel.85-215-159-120.plesk.page\/?page_id=104\" class=\"elementor-item\">Leistungsprofil<\/a><\/li>\n<li class=\"menu-item menu-item-type-post_type menu-item-object-page menu-item-402\"><a href=\"https:\/\/heuristic-nobel.85-215-159-120.plesk.page\/?page_id=102\" class=\"elementor-item\">Stellenangebot<\/a><\/li>\n<li class=\"menu-item menu-item-type-post_type menu-item-object-page menu-item-386\"><a href=\"https:\/\/heuristic-nobel.85-215-159-120.plesk.page\/?page_id=106\" class=\"elementor-item\">Kontakt<\/a><\/li>\n<\/ul>\t\t\t<\/nav>\n\t\t\t\t\t<div class=\"elementor-menu-toggle\" role=\"button\" tabindex=\"0\" aria-label=\"Menu Toggle\" aria-expanded=\"false\">\n\t\t\t<svg aria-hidden=\"true\" role=\"presentation\" class=\"elementor-menu-toggle__icon--open e-font-icon-svg e-eicon-menu-bar\" viewBox=\"0 0 1000 1000\" xmlns=\"http:\/\/www.w3.org\/2000\/svg\"><path d=\"M104 333H896C929 333 958 304 958 271S929 208 896 208H104C71 208 42 237 42 271S71 333 104 333ZM104 583H896C929 583 958 554 958 521S929 458 896 458H104C71 458 42 487 42 521S71 583 104 583ZM104 833H896C929 833 958 804 958 771S929 708 896 708H104C71 708 42 737 42 771S71 833 104 833Z\"><\/path><\/svg><svg aria-hidden=\"true\" role=\"presentation\" class=\"elementor-menu-toggle__icon--close e-font-icon-svg e-eicon-close\" viewBox=\"0 0 1000 1000\" xmlns=\"http:\/\/www.w3.org\/2000\/svg\"><path d=\"M742 167L500 408 258 167C246 154 233 150 217 150 196 150 179 158 167 167 154 179 150 196 150 212 150 229 154 242 171 254L408 500 167 742C138 771 138 800 167 829 196 858 225 858 254 829L496 587 738 829C750 842 767 846 783 846 800 846 817 842 829 829 842 817 846 804 846 783 846 767 842 750 829 737L588 500 833 258C863 229 863 200 833 171 804 137 775 137 742 167Z\"><\/path><\/svg>\t\t\t<span class=\"elementor-screen-only\">Menu<\/span>\n\t\t<\/div>\n\t\t\t\t\t<nav class=\"elementor-nav-menu--dropdown elementor-nav-menu__container\" aria-hidden=\"true\">\n\t\t\t\t<ul id=\"menu-2-404\" class=\"elementor-nav-menu\"><li class=\"menu-item menu-item-type-post_type menu-item-object-page menu-item-home menu-item-395\"><a href=\"https:\/\/heuristic-nobel.85-215-159-120.plesk.page\/\" class=\"elementor-item\" tabindex=\"-1\">Hauptseite<\/a><\/li>\n<li class=\"menu-item menu-item-type-post_type menu-item-object-page menu-item-403\"><a href=\"https:\/\/heuristic-nobel.85-215-159-120.plesk.page\/?page_id=100\" class=\"elementor-item\" tabindex=\"-1\">Unser Unternehmen<\/a><\/li>\n<li class=\"menu-item menu-item-type-post_type menu-item-object-page menu-item-387\"><a href=\"https:\/\/heuristic-nobel.85-215-159-120.plesk.page\/?page_id=104\" class=\"elementor-item\" tabindex=\"-1\">Leistungsprofil<\/a><\/li>\n<li class=\"menu-item menu-item-type-post_type menu-item-object-page menu-item-402\"><a href=\"https:\/\/heuristic-nobel.85-215-159-120.plesk.page\/?page_id=102\" class=\"elementor-item\" tabindex=\"-1\">Stellenangebot<\/a><\/li>\n<li class=\"menu-item menu-item-type-post_type menu-item-object-page menu-item-386\"><a href=\"https:\/\/heuristic-nobel.85-215-159-120.plesk.page\/?page_id=106\" class=\"elementor-item\" tabindex=\"-1\">Kontakt<\/a><\/li>\n<\/ul>\t\t\t<\/nav>\n\t\t\t\t<\/div>\n\t\t\t\t<\/div>\n\t\t<div class=\"elementor-element elementor-element-a974d4d e-con-full e-flex e-con e-child\" data-id=\"a974d4d\" data-element_type=\"container\" data-settings=\"{&quot;background_background&quot;:&quot;classic&quot;}\">\n\t\t\t\t<div class=\"elementor-element elementor-element-59c936c elementor-widget elementor-widget-heading\" data-id=\"59c936c\" data-element_type=\"widget\" data-widget_type=\"heading.default\">\n\t\t\t\t<div class=\"elementor-widget-container\">\n\t\t\t<style>\/*! elementor - v3.21.0 - 08-05-2024 *\/\n.elementor-heading-title{padding:0;margin:0;line-height:1}.elementor-widget-heading .elementor-heading-title[class*=elementor-size-]>a{color:inherit;font-size:inherit;line-height:inherit}.elementor-widget-heading .elementor-heading-title.elementor-size-small{font-size:15px}.elementor-widget-heading .elementor-heading-title.elementor-size-medium{font-size:19px}.elementor-widget-heading .elementor-heading-title.elementor-size-large{font-size:29px}.elementor-widget-heading .elementor-heading-title.elementor-size-xl{font-size:39px}.elementor-widget-heading .elementor-heading-title.elementor-size-xxl{font-size:59px}<\/style><h2 class=\"elementor-heading-title elementor-size-default\">Sie haben ein Projekt, wir setzen es um!<\/h2>\t\t<\/div>\n\t\t\t\t<\/div>\n\t\t\t\t<div class=\"elementor-element elementor-element-8942316 elementor-widget elementor-widget-text-editor\" data-id=\"8942316\" data-element_type=\"widget\" data-widget_type=\"text-editor.default\">\n\t\t\t\t<div class=\"elementor-widget-container\">\n\t\t\t<style>\/*! elementor - v3.21.0 - 08-05-2024 *\/\n.elementor-widget-text-editor.elementor-drop-cap-view-stacked .elementor-drop-cap{background-color:#69727d;color:#fff}.elementor-widget-text-editor.elementor-drop-cap-view-framed .elementor-drop-cap{color:#69727d;border:3px solid;background-color:transparent}.elementor-widget-text-editor:not(.elementor-drop-cap-view-default) .elementor-drop-cap{margin-top:8px}.elementor-widget-text-editor:not(.elementor-drop-cap-view-default) .elementor-drop-cap-letter{width:1em;height:1em}.elementor-widget-text-editor .elementor-drop-cap{float:left;text-align:center;line-height:1;font-size:50px}.elementor-widget-text-editor .elementor-drop-cap-letter{display:inline-block}<\/style>\t\t\t\t<div class=\"u-info\"><p>Unser Bauunternehmen wurde 2014 in Weimar gegr\u00fcndet und ist auf die bundesweite Sanierung von Natursteinmauerwerk spezialisiert. Mit mehr als 25 qualifizierten Mitarbeitern konnten wir an bisher mehr als 100 Bauwerken in ganz Deutschland unsere Leistungsf\u00e4higkeit und K\u00f6nnen unter Beweis stellen. Unser Fachbereich umfasst s\u00e4mtliche Arbeiten zur Sanierung, Sicherung und Instandsetzung von Mauerwerk jeglicher Art. Die Ert\u00fcchtigung von Gr\u00fcndungen, wie auch die Gestaltung von Au\u00dfenanlagen, geh\u00f6ren ebenfalls zu unseren Kompetenzen. Durch st\u00e4ndige Weiterbildung des Personals und Einsatz von moderner Technik stellen wir unser Standard auf dem gewohnt hohen Niveau sicher. So ist unser Bauunternehmen in der Lage individuelle aber auch gr\u00f6\u00dfere und fachlich anspruchsvolle Baustellen zu meistern. Wir sind besonders darauf bedacht, die W\u00fcnsche der Kundschaft zu verwirklichen und die h\u00f6chstm\u00f6glichen Anspr\u00fcche zu erf\u00fcllen.<\/p><div class=\"g-info\"><div><p>Gesch\u00e4ftsf\u00fchrer<\/p><p>Dipl.-Ing. Dirk Schoppe und Tillmann Boldt<\/p><p>03643 9061600<\/p><p>mail@seb-baugesellschaft.de<\/p><\/div><\/div><p>Reg.-Nr. 010.103230 im Register der pr\u00e4qualifizierten Bauunternehmen<\/p><\/div>\t\t\t\t\t\t<\/div>\n\t\t\t\t<\/div>\n\t\t\t\t<\/div>\n\t\t<div class=\"elementor-element elementor-element-fd581c5 e-flex e-con-boxed e-con e-child\" data-id=\"fd581c5\" data-element_type=\"container\">\n\t\t\t\t\t<div class=\"e-con-inner\">\n\t\t\t\t<div class=\"elementor-element elementor-element-890b86f elementor-widget elementor-widget-image\" data-id=\"890b86f\" data-element_type=\"widget\" data-widget_type=\"image.default\">\n\t\t\t\t<div class=\"elementor-widget-container\">\n\t\t\t\t\t\t\t\t\t\t\t\t\t<img decoding=\"async\" src=\"https:\/\/heuristic-nobel.85-215-159-120.plesk.page\/wp-content\/uploads\/elementor\/thumbs\/PQ_Logo-qoaefgbikt7qua02jpulgq6lbh9e46wdfptl1mqmtc.jpg\" title=\"PQ_Logo\" alt=\"PQ_Logo\" loading=\"lazy\" \/>\t\t\t\t\t\t\t\t\t\t\t\t\t<\/div>\n\t\t\t\t<\/div>\n\t\t\t\t<div class=\"elementor-element elementor-element-1403f0c elementor-widget elementor-widget-text-editor\" data-id=\"1403f0c\" data-element_type=\"widget\" data-widget_type=\"text-editor.default\">\n\t\t\t\t<div class=\"elementor-widget-container\">\n\t\t\t\t\t\t\t<p>Im Rahmen der Beratungsrichtlinie des Freistaates Th\u00fcringen erh\u00e4lt unser Unternehmen eine F\u00f6rderung f\u00fcr Beratungen und Prozessbegleitungen. Diese unterst\u00fctzen Strategien zum Aufbau und zur nachhaltigen positiven Entwicklung und Sicherung von KMUs. Die daraus resultierenden Ergebnisse und Handlungsempfehlungen werden in einem Beratungsbericht festgehalten. Die F\u00f6rderung erfolgt aus Mitteln des Europ\u00e4ischen Sozialfonds Plus und aus Mitteln des Freistaats Th\u00fcringen.<\/p>\t\t\t\t\t\t<\/div>\n\t\t\t\t<\/div>\n\t\t<div class=\"elementor-element elementor-element-a4acd62 e-con-full e-flex e-con e-child\" data-id=\"a4acd62\" data-element_type=\"container\">\n\t\t\t\t<div class=\"elementor-element elementor-element-30190c1 elementor-widget elementor-widget-image\" data-id=\"30190c1\" data-element_type=\"widget\" data-widget_type=\"image.default\">\n\t\t\t\t<div class=\"elementor-widget-container\">\n\t\t\t\t\t\t\t\t\t\t\t\t\t<img decoding=\"async\" src=\"https:\/\/heuristic-nobel.85-215-159-120.plesk.page\/wp-content\/uploads\/elementor\/thumbs\/FrTh-qoaent3vbsn9uuxg0we87ry398p60za07odtszqo74.jpg\" title=\"FrTh\" alt=\"FrTh\" loading=\"lazy\" \/>\t\t\t\t\t\t\t\t\t\t\t\t\t<\/div>\n\t\t\t\t<\/div>\n\t\t\t\t<div class=\"elementor-element elementor-element-72e863e elementor-widget elementor-widget-image\" data-id=\"72e863e\" data-element_type=\"widget\" data-widget_type=\"image.default\">\n\t\t\t\t<div class=\"elementor-widget-container\">\n\t\t\t\t\t\t\t\t\t\t\t\t\t<img decoding=\"async\" src=\"https:\/\/heuristic-nobel.85-215-159-120.plesk.page\/wp-content\/uploads\/elementor\/thumbs\/KvdEU-qoaens614ylzj8yt6dzlna6mnutsta69vjqcbps2dc.jpg\" title=\"KvdEU\" alt=\"KvdEU\" loading=\"lazy\" \/>\t\t\t\t\t\t\t\t\t\t\t\t\t<\/div>\n\t\t\t\t<\/div>\n\t\t\t\t<\/div>\n\t\t\t\t\t<\/div>\n\t\t\t\t<\/div>\n\t\t<div class=\"elementor-element elementor-element-109b753 e-flex e-con-boxed e-con e-child\" data-id=\"109b753\" data-element_type=\"container\">\n\t\t\t\t\t<div class=\"e-con-inner\">\n\t\t\t\t<div class=\"elementor-element elementor-element-3bd26ccd elementor-widget elementor-widget-bdt-animated-link\" data-id=\"3bd26ccd\" data-element_type=\"widget\" data-widget_type=\"bdt-animated-link.default\">\n\t\t\t\t<div class=\"elementor-widget-container\">\n\t\t\t\t\t\t\t\t<a class=\"bdt-ep-animated-link bdt-ep-animated-link--metis\" href=\"https:\/\/heuristic-nobel.85-215-159-120.plesk.page\/?page_id=113\">\r\n\t\t\t\tImpressum\t\t\t<\/a>\r\n\t\t\r\n\t\t<\/div>\n\t\t\t\t<\/div>\n\t\t\t\t<div class=\"elementor-element elementor-element-12e893ee elementor-widget elementor-widget-bdt-animated-link\" data-id=\"12e893ee\" data-element_type=\"widget\" data-widget_type=\"bdt-animated-link.default\">\n\t\t\t\t<div class=\"elementor-widget-container\">\n\t\t\t\t\t\t\t\t<a class=\"bdt-ep-animated-link bdt-ep-animated-link--metis\" href=\"https:\/\/heuristic-nobel.85-215-159-120.plesk.page\/?page_id=115\">\r\n\t\t\t\tDatenschutzerkl\u00e4rung\t\t\t<\/a>\r\n\t\t\r\n\t\t<\/div>\n\t\t\t\t<\/div>\n\t\t\t\t\t<\/div>\n\t\t\t\t<\/div>\n\t\t\t\t<\/div>\n\t\t\t\t<\/div>\n\t\t","protected":false},"excerpt":{"rendered":"<p>Sie haben ein Projekt, wir setzen es um! Unser Bauunternehmen wurde 2014 in Weimar gegr\u00fcndet und ist auf die bundesweite Sanierung von Natursteinmauerwerk spezialisiert. Mit mehr als 25 qualifizierten Mitarbeitern konnten wir an bisher mehr als 100 Bauwerken in ganz Deutschland unsere Leistungsf\u00e4higkeit und K\u00f6nnen unter Beweis stellen. Unser Fachbereich umfasst s\u00e4mtliche Arbeiten zur Sanierung, [&hellip;]<\/p>\n","protected":false},"author":1,"featured_media":0,"parent":0,"menu_order":0,"comment_status":"closed","ping_status":"closed","template":"","meta":{"footnotes":""},"class_list":["post-100","page","type-page","status-publish","hentry"],"yoast_head":"<!-- This site is optimized with the Yoast SEO plugin v22.6 - https:\/\/yoast.com\/wordpress\/plugins\/seo\/ -->\n<title>Unser Unternehmen - SEB<\/title>\n<meta name=\"robots\" content=\"index, follow, max-snippet:-1, max-image-preview:large, max-video-preview:-1\" \/>\n<link rel=\"canonical\" href=\"https:\/\/heuristic-nobel.85-215-159-120.plesk.page\/?page_id=100\" \/>\n<meta property=\"og:locale\" content=\"de_DE\" \/>\n<meta property=\"og:type\" content=\"article\" \/>\n<meta property=\"og:title\" content=\"Unser Unternehmen - SEB\" \/>\n<meta property=\"og:description\" content=\"Sie haben ein Projekt, wir setzen es um! Unser Bauunternehmen wurde 2014 in Weimar gegr\u00fcndet und ist auf die bundesweite Sanierung von Natursteinmauerwerk spezialisiert. Mit mehr als 25 qualifizierten Mitarbeitern konnten wir an bisher mehr als 100 Bauwerken in ganz Deutschland unsere Leistungsf\u00e4higkeit und K\u00f6nnen unter Beweis stellen. Unser Fachbereich umfasst s\u00e4mtliche Arbeiten zur Sanierung, [&hellip;]\" \/>\n<meta property=\"og:url\" content=\"https:\/\/heuristic-nobel.85-215-159-120.plesk.page\/?page_id=100\" \/>\n<meta property=\"og:site_name\" content=\"SEB\" \/>\n<meta property=\"article:modified_time\" content=\"2024-06-05T14:00:46+00:00\" \/>\n<meta property=\"og:image\" content=\"https:\/\/heuristic-nobel.85-215-159-120.plesk.page\/wp-content\/uploads\/elementor\/thumbs\/logo_komplett-qoaf1hnaszdv4hgkqgi7ml5mrgc0tws2bhiyhrdclc.png\" \/>\n<meta name=\"twitter:card\" content=\"summary_large_image\" \/>\n<meta name=\"twitter:label1\" content=\"Gesch\u00e4tzte Lesezeit\" \/>\n\t<meta name=\"twitter:data1\" content=\"3\u00a0Minuten\" \/>\n<script type=\"application\/ld+json\" class=\"yoast-schema-graph\">{\"@context\":\"https:\/\/schema.org\",\"@graph\":[{\"@type\":\"WebPage\",\"@id\":\"https:\/\/heuristic-nobel.85-215-159-120.plesk.page\/?page_id=100\",\"url\":\"https:\/\/heuristic-nobel.85-215-159-120.plesk.page\/?page_id=100\",\"name\":\"Unser Unternehmen - SEB\",\"isPartOf\":{\"@id\":\"https:\/\/heuristic-nobel.85-215-159-120.plesk.page\/#website\"},\"primaryImageOfPage\":{\"@id\":\"https:\/\/heuristic-nobel.85-215-159-120.plesk.page\/?page_id=100#primaryimage\"},\"image\":{\"@id\":\"https:\/\/heuristic-nobel.85-215-159-120.plesk.page\/?page_id=100#primaryimage\"},\"thumbnailUrl\":\"https:\/\/heuristic-nobel.85-215-159-120.plesk.page\/wp-content\/uploads\/elementor\/thumbs\/logo_komplett-qoaf1hnaszdv4hgkqgi7ml5mrgc0tws2bhiyhrdclc.png\",\"datePublished\":\"2024-05-17T00:02:29+00:00\",\"dateModified\":\"2024-06-05T14:00:46+00:00\",\"breadcrumb\":{\"@id\":\"https:\/\/heuristic-nobel.85-215-159-120.plesk.page\/?page_id=100#breadcrumb\"},\"inLanguage\":\"de\",\"potentialAction\":[{\"@type\":\"ReadAction\",\"target\":[\"https:\/\/heuristic-nobel.85-215-159-120.plesk.page\/?page_id=100\"]}]},{\"@type\":\"ImageObject\",\"inLanguage\":\"de\",\"@id\":\"https:\/\/heuristic-nobel.85-215-159-120.plesk.page\/?page_id=100#primaryimage\",\"url\":\"https:\/\/heuristic-nobel.85-215-159-120.plesk.page\/wp-content\/uploads\/elementor\/thumbs\/logo_komplett-qoaf1hnaszdv4hgkqgi7ml5mrgc0tws2bhiyhrdclc.png\",\"contentUrl\":\"https:\/\/heuristic-nobel.85-215-159-120.plesk.page\/wp-content\/uploads\/elementor\/thumbs\/logo_komplett-qoaf1hnaszdv4hgkqgi7ml5mrgc0tws2bhiyhrdclc.png\"},{\"@type\":\"BreadcrumbList\",\"@id\":\"https:\/\/heuristic-nobel.85-215-159-120.plesk.page\/?page_id=100#breadcrumb\",\"itemListElement\":[{\"@type\":\"ListItem\",\"position\":1,\"name\":\"Startseite\",\"item\":\"https:\/\/heuristic-nobel.85-215-159-120.plesk.page\/\"},{\"@type\":\"ListItem\",\"position\":2,\"name\":\"Unser Unternehmen\"}]},{\"@type\":\"WebSite\",\"@id\":\"https:\/\/heuristic-nobel.85-215-159-120.plesk.page\/#website\",\"url\":\"https:\/\/heuristic-nobel.85-215-159-120.plesk.page\/\",\"name\":\"SEB\",\"description\":\"Baugesellschaft mbH\",\"potentialAction\":[{\"@type\":\"SearchAction\",\"target\":{\"@type\":\"EntryPoint\",\"urlTemplate\":\"https:\/\/heuristic-nobel.85-215-159-120.plesk.page\/?s={search_term_string}\"},\"query-input\":\"required name=search_term_string\"}],\"inLanguage\":\"de\"}]}<\/script>\n<!-- \/ Yoast SEO plugin. -->","yoast_head_json":{"title":"Unser Unternehmen - SEB","robots":{"index":"index","follow":"follow","max-snippet":"max-snippet:-1","max-image-preview":"max-image-preview:large","max-video-preview":"max-video-preview:-1"},"canonical":"https:\/\/heuristic-nobel.85-215-159-120.plesk.page\/?page_id=100","og_locale":"de_DE","og_type":"article","og_title":"Unser Unternehmen - SEB","og_description":"Sie haben ein Projekt, wir setzen es um! Unser Bauunternehmen wurde 2014 in Weimar gegr\u00fcndet und ist auf die bundesweite Sanierung von Natursteinmauerwerk spezialisiert. Mit mehr als 25 qualifizierten Mitarbeitern konnten wir an bisher mehr als 100 Bauwerken in ganz Deutschland unsere Leistungsf\u00e4higkeit und K\u00f6nnen unter Beweis stellen. Unser Fachbereich umfasst s\u00e4mtliche Arbeiten zur Sanierung, [&hellip;]","og_url":"https:\/\/heuristic-nobel.85-215-159-120.plesk.page\/?page_id=100","og_site_name":"SEB","article_modified_time":"2024-06-05T14:00:46+00:00","og_image":[{"url":"https:\/\/heuristic-nobel.85-215-159-120.plesk.page\/wp-content\/uploads\/elementor\/thumbs\/logo_komplett-qoaf1hnaszdv4hgkqgi7ml5mrgc0tws2bhiyhrdclc.png"}],"twitter_card":"summary_large_image","twitter_misc":{"Gesch\u00e4tzte Lesezeit":"3\u00a0Minuten"},"schema":{"@context":"https:\/\/schema.org","@graph":[{"@type":"WebPage","@id":"https:\/\/heuristic-nobel.85-215-159-120.plesk.page\/?page_id=100","url":"https:\/\/heuristic-nobel.85-215-159-120.plesk.page\/?page_id=100","name":"Unser Unternehmen - SEB","isPartOf":{"@id":"https:\/\/heuristic-nobel.85-215-159-120.plesk.page\/#website"},"primaryImageOfPage":{"@id":"https:\/\/heuristic-nobel.85-215-159-120.plesk.page\/?page_id=100#primaryimage"},"image":{"@id":"https:\/\/heuristic-nobel.85-215-159-120.plesk.page\/?page_id=100#primaryimage"},"thumbnailUrl":"https:\/\/heuristic-nobel.85-215-159-120.plesk.page\/wp-content\/uploads\/elementor\/thumbs\/logo_komplett-qoaf1hnaszdv4hgkqgi7ml5mrgc0tws2bhiyhrdclc.png","datePublished":"2024-05-17T00:02:29+00:00","dateModified":"2024-06-05T14:00:46+00:00","breadcrumb":{"@id":"https:\/\/heuristic-nobel.85-215-159-120.plesk.page\/?page_id=100#breadcrumb"},"inLanguage":"de","potentialAction":[{"@type":"ReadAction","target":["https:\/\/heuristic-nobel.85-215-159-120.plesk.page\/?page_id=100"]}]},{"@type":"ImageObject","inLanguage":"de","@id":"https:\/\/heuristic-nobel.85-215-159-120.plesk.page\/?page_id=100#primaryimage","url":"https:\/\/heuristic-nobel.85-215-159-120.plesk.page\/wp-content\/uploads\/elementor\/thumbs\/logo_komplett-qoaf1hnaszdv4hgkqgi7ml5mrgc0tws2bhiyhrdclc.png","contentUrl":"https:\/\/heuristic-nobel.85-215-159-120.plesk.page\/wp-content\/uploads\/elementor\/thumbs\/logo_komplett-qoaf1hnaszdv4hgkqgi7ml5mrgc0tws2bhiyhrdclc.png"},{"@type":"BreadcrumbList","@id":"https:\/\/heuristic-nobel.85-215-159-120.plesk.page\/?page_id=100#breadcrumb","itemListElement":[{"@type":"ListItem","position":1,"name":"Startseite","item":"https:\/\/heuristic-nobel.85-215-159-120.plesk.page\/"},{"@type":"ListItem","position":2,"name":"Unser Unternehmen"}]},{"@type":"WebSite","@id":"https:\/\/heuristic-nobel.85-215-159-120.plesk.page\/#website","url":"https:\/\/heuristic-nobel.85-215-159-120.plesk.page\/","name":"SEB","description":"Baugesellschaft mbH","potentialAction":[{"@type":"SearchAction","target":{"@type":"EntryPoint","urlTemplate":"https:\/\/heuristic-nobel.85-215-159-120.plesk.page\/?s={search_term_string}"},"query-input":"required name=search_term_string"}],"inLanguage":"de"}]}},"_links":{"self":[{"href":"https:\/\/heuristic-nobel.85-215-159-120.plesk.page\/index.php?rest_route=\/wp\/v2\/pages\/100","targetHints":{"allow":["GET"]}}],"collection":[{"href":"https:\/\/heuristic-nobel.85-215-159-120.plesk.page\/index.php?rest_route=\/wp\/v2\/pages"}],"about":[{"href":"https:\/\/heuristic-nobel.85-215-159-120.plesk.page\/index.php?rest_route=\/wp\/v2\/types\/page"}],"author":[{"embeddable":true,"href":"https:\/\/heuristic-nobel.85-215-159-120.plesk.page\/index.php?rest_route=\/wp\/v2\/users\/1"}],"replies":[{"embeddable":true,"href":"https:\/\/heuristic-nobel.85-215-159-120.plesk.page\/index.php?rest_route=%2Fwp%2Fv2%2Fcomments&post=100"}],"version-history":[{"count":56,"href":"https:\/\/heuristic-nobel.85-215-159-120.plesk.page\/index.php?rest_route=\/wp\/v2\/pages\/100\/revisions"}],"predecessor-version":[{"id":727,"href":"https:\/\/heuristic-nobel.85-215-159-120.plesk.page\/index.php?rest_route=\/wp\/v2\/pages\/100\/revisions\/727"}],"wp:attachment":[{"href":"https:\/\/heuristic-nobel.85-215-159-120.plesk.page\/index.php?rest_route=%2Fwp%2Fv2%2Fmedia&parent=100"}],"curies":[{"name":"wp","href":"https:\/\/api.w.org\/{rel}","templated":true}]}}